{"id":84,"date":"2025-09-24T14:03:23","date_gmt":"2025-09-24T12:03:23","guid":{"rendered":"https:\/\/eve-vehicles.com\/produkte-dienstleistungen\/"},"modified":"2025-10-30T11:39:18","modified_gmt":"2025-10-30T10:39:18","slug":"produkte-dienstleistungen","status":"publish","type":"page","link":"https:\/\/eve-vehicles.com\/de\/produkte-dienstleistungen\/","title":{"rendered":"Produkte &amp; Dienstleistungen"},"content":{"rendered":"\n<p><strong>Sonderfahrzeuge<\/strong><\/p>\n\n\n\n<p>Wir bauen Ihr Sonderfahrzeug mit hoher handwerklicher Qualit\u00e4t nach Ihren individuellen Vorgaben aus. Bei einer Baubesprechung legen wir alle Details des Ausbaus gemeinsam fest. Wir bieten Ihnen kurze Lieferzeiten und attraktive Preise, da unser Unternehmen kostenoptimiert aufgestellt ist.<\/p>\n\n\n\n<p><strong>KTW, RTW<\/strong><\/p>\n\n\n\n<p>Wir bieten Ihnen eine Produktpalette an KTW und RTW an, die wir st\u00e4ndig erweitern, z.B. unsere KTW und RTW auf Basis Volkswagen Crafter. Unsere Fahrzeuge sind nach EN1789 zertifiziert und ergonomisch optimiert. Wir bieten Ihnen kurze Lieferzeiten und attraktive Preise!<\/p>\n\n\n\n<p><strong>Service, Ersatzteile, Reparaturen und Umbauten<\/strong><\/p>\n\n\n\n<p>Unser erfahrenes Serviceteam freut sich auf die Zusammenarbeit mit Ihnen. Es steht bundesweit und auch weltweit zur Verf\u00fcgung und k\u00fcmmert sich schnell und professionell um Ihr Anliegen. Dieses Team f\u00fchrt auch kleinere Umbauten schnell und zuverl\u00e4ssig durch.<\/p>\n\n\n\n<p><strong>Medizintechnik<\/strong><br>Wir bieten Ihnen ein umfangreiches Spektrum von Medizintechnik an als Handelsartikel oder als Ausstattung von Ambulanzfahrzeugen. Wir freuen uns auf Ihre Anfrage!<br><br><br><\/p>\n\n\n\n<p><\/p>\n","protected":false},"excerpt":{"rendered":"<p>Sonderfahrzeuge Wir bauen Ihr Sonderfahrzeug mit hoher handwerklicher Qualit\u00e4t nach Ihren individuellen Vorgaben aus. Bei einer Baubesprechung legen wir alle Details des Ausbaus gemeinsam fest. Wir bieten Ihnen kurze Lieferzeiten und attraktive Preise, da unser Unternehmen kostenoptimiert aufgestellt ist. KTW, RTW Wir bieten Ihnen eine Produktpalette an KTW und RTW an, die wir st\u00e4ndig erweitern, &hellip; <\/p>\n<p class=\"link-more\"><a href=\"https:\/\/eve-vehicles.com\/de\/produkte-dienstleistungen\/\" class=\"more-link\"><span class=\"screen-reader-text\">\u201eProdukte &amp; Dienstleistungen\u201c<\/span> weiterlesen<\/a><\/p>\n","protected":false},"author":2,"featured_media":224,"parent":0,"menu_order":0,"comment_status":"closed","ping_status":"closed","template":"","meta":{"footnotes":""},"class_list":["post-84","page","type-page","status-publish","has-post-thumbnail","hentry"],"yoast_head":"<!-- This site is optimized with the Yoast SEO plugin v27.4 - https:\/\/yoast.com\/product\/yoast-seo-wordpress\/ -->\n<title>Produkte &amp; Dienstleistungen - Eve Emergency Vehicles GmbH<\/title>\n<meta name=\"description\" content=\"Krankenwagen &amp; Sonderfahrzeuge | EVE Emergency Vehicles GmbH Deutschland. EN1789-zertifizierte Krankenwagen, Patiententransportwagen und spezielle Einsatzfahrzeuge von EVE Emergency Vehicles GmbH. Deutsche Qualit\u00e4t, schnelle Lieferung, globaler Service.\" \/>\n<meta name=\"robots\" content=\"index, follow, max-snippet:-1, max-image-preview:large, max-video-preview:-1\" \/>\n<link rel=\"canonical\" href=\"https:\/\/eve-vehicles.com\/de\/produkte-dienstleistungen\/\" \/>\n<meta property=\"og:locale\" content=\"de_DE\" \/>\n<meta property=\"og:type\" content=\"article\" \/>\n<meta property=\"og:title\" content=\"Produkte &amp; Dienstleistungen - Eve Emergency Vehicles GmbH\" \/>\n<meta property=\"og:description\" content=\"Krankenwagen &amp; Sonderfahrzeuge | EVE Emergency Vehicles GmbH Deutschland. EN1789-zertifizierte Krankenwagen, Patiententransportwagen und spezielle Einsatzfahrzeuge von EVE Emergency Vehicles GmbH. Deutsche Qualit\u00e4t, schnelle Lieferung, globaler Service.\" \/>\n<meta property=\"og:url\" content=\"https:\/\/eve-vehicles.com\/de\/produkte-dienstleistungen\/\" \/>\n<meta property=\"og:site_name\" content=\"Eve Emergency Vehicles GmbH\" \/>\n<meta property=\"article:modified_time\" content=\"2025-10-30T10:39:18+00:00\" \/>\n<meta property=\"og:image\" content=\"https:\/\/eve-vehicles.com\/wp-content\/uploads\/2025\/09\/IMG-20250918-WA0027.jpg\" \/>\n\t<meta property=\"og:image:width\" content=\"1600\" \/>\n\t<meta property=\"og:image:height\" content=\"674\" \/>\n\t<meta property=\"og:image:type\" content=\"image\/jpeg\" \/>\n<meta name=\"twitter:card\" content=\"summary_large_image\" \/>\n<meta name=\"twitter:label1\" content=\"Gesch\u00e4tzte Lesezeit\" \/>\n\t<meta name=\"twitter:data1\" content=\"1\u00a0Minute\" \/>\n<script type=\"application\/ld+json\" class=\"yoast-schema-graph\">{\"@context\":\"https:\\\/\\\/schema.org\",\"@graph\":[{\"@type\":\"WebPage\",\"@id\":\"https:\\\/\\\/eve-vehicles.com\\\/de\\\/produkte-dienstleistungen\\\/\",\"url\":\"https:\\\/\\\/eve-vehicles.com\\\/de\\\/produkte-dienstleistungen\\\/\",\"name\":\"Produkte &amp; Dienstleistungen - Eve Emergency Vehicles GmbH\",\"isPartOf\":{\"@id\":\"http:\\\/\\\/wordpress.p698426.webspaceconfig.de\\\/#website\"},\"primaryImageOfPage\":{\"@id\":\"https:\\\/\\\/eve-vehicles.com\\\/de\\\/produkte-dienstleistungen\\\/#primaryimage\"},\"image\":{\"@id\":\"https:\\\/\\\/eve-vehicles.com\\\/de\\\/produkte-dienstleistungen\\\/#primaryimage\"},\"thumbnailUrl\":\"https:\\\/\\\/eve-vehicles.com\\\/wp-content\\\/uploads\\\/2026\\\/02\\\/EVE_ambulance_special_vehicles-scaled.jpg\",\"datePublished\":\"2025-09-24T12:03:23+00:00\",\"dateModified\":\"2025-10-30T10:39:18+00:00\",\"description\":\"Krankenwagen & Sonderfahrzeuge | EVE Emergency Vehicles GmbH Deutschland. EN1789-zertifizierte Krankenwagen, Patiententransportwagen und spezielle Einsatzfahrzeuge von EVE Emergency Vehicles GmbH. Deutsche Qualit\u00e4t, schnelle Lieferung, globaler Service.\",\"breadcrumb\":{\"@id\":\"https:\\\/\\\/eve-vehicles.com\\\/de\\\/produkte-dienstleistungen\\\/#breadcrumb\"},\"inLanguage\":\"de\",\"potentialAction\":[{\"@type\":\"ReadAction\",\"target\":[\"https:\\\/\\\/eve-vehicles.com\\\/de\\\/produkte-dienstleistungen\\\/\"]}]},{\"@type\":\"ImageObject\",\"inLanguage\":\"de\",\"@id\":\"https:\\\/\\\/eve-vehicles.com\\\/de\\\/produkte-dienstleistungen\\\/#primaryimage\",\"url\":\"https:\\\/\\\/eve-vehicles.com\\\/wp-content\\\/uploads\\\/2026\\\/02\\\/EVE_ambulance_special_vehicles-scaled.jpg\",\"contentUrl\":\"https:\\\/\\\/eve-vehicles.com\\\/wp-content\\\/uploads\\\/2026\\\/02\\\/EVE_ambulance_special_vehicles-scaled.jpg\",\"width\":2560,\"height\":1707,\"caption\":\"Eve_ambulance_green_ambulance\"},{\"@type\":\"BreadcrumbList\",\"@id\":\"https:\\\/\\\/eve-vehicles.com\\\/de\\\/produkte-dienstleistungen\\\/#breadcrumb\",\"itemListElement\":[{\"@type\":\"ListItem\",\"position\":1,\"name\":\"Home\",\"item\":\"https:\\\/\\\/eve-vehicles.com\\\/de\\\/\"},{\"@type\":\"ListItem\",\"position\":2,\"name\":\"Produkte &amp; Dienstleistungen\"}]},{\"@type\":\"WebSite\",\"@id\":\"http:\\\/\\\/wordpress.p698426.webspaceconfig.de\\\/#website\",\"url\":\"http:\\\/\\\/wordpress.p698426.webspaceconfig.de\\\/\",\"name\":\"Eve Emergency Vehicles GmbH\",\"description\":\"Quality German Emergency Vehicles\",\"publisher\":{\"@id\":\"http:\\\/\\\/wordpress.p698426.webspaceconfig.de\\\/#organization\"},\"potentialAction\":[{\"@type\":\"SearchAction\",\"target\":{\"@type\":\"EntryPoint\",\"urlTemplate\":\"http:\\\/\\\/wordpress.p698426.webspaceconfig.de\\\/?s={search_term_string}\"},\"query-input\":{\"@type\":\"PropertyValueSpecification\",\"valueRequired\":true,\"valueName\":\"search_term_string\"}}],\"inLanguage\":\"de\"},{\"@type\":\"Organization\",\"@id\":\"http:\\\/\\\/wordpress.p698426.webspaceconfig.de\\\/#organization\",\"name\":\"Eve Emergency Vehicles GmbH\",\"url\":\"http:\\\/\\\/wordpress.p698426.webspaceconfig.de\\\/\",\"logo\":{\"@type\":\"ImageObject\",\"inLanguage\":\"de\",\"@id\":\"http:\\\/\\\/wordpress.p698426.webspaceconfig.de\\\/#\\\/schema\\\/logo\\\/image\\\/\",\"url\":\"https:\\\/\\\/eve-vehicles.com\\\/wp-content\\\/uploads\\\/2025\\\/09\\\/cropped-3a2e7200-fdb0-41bb-bcbe-108e3b9e3c5b_removalai_preview.png\",\"contentUrl\":\"https:\\\/\\\/eve-vehicles.com\\\/wp-content\\\/uploads\\\/2025\\\/09\\\/cropped-3a2e7200-fdb0-41bb-bcbe-108e3b9e3c5b_removalai_preview.png\",\"width\":250,\"height\":250,\"caption\":\"Eve Emergency Vehicles GmbH\"},\"image\":{\"@id\":\"http:\\\/\\\/wordpress.p698426.webspaceconfig.de\\\/#\\\/schema\\\/logo\\\/image\\\/\"}}]}<\/script>\n<!-- \/ Yoast SEO plugin. -->","yoast_head_json":{"title":"Produkte &amp; Dienstleistungen - Eve Emergency Vehicles GmbH","description":"Krankenwagen & Sonderfahrzeuge | EVE Emergency Vehicles GmbH Deutschland. EN1789-zertifizierte Krankenwagen, Patiententransportwagen und spezielle Einsatzfahrzeuge von EVE Emergency Vehicles GmbH. Deutsche Qualit\u00e4t, schnelle Lieferung, globaler Service.","robots":{"index":"index","follow":"follow","max-snippet":"max-snippet:-1","max-image-preview":"max-image-preview:large","max-video-preview":"max-video-preview:-1"},"canonical":"https:\/\/eve-vehicles.com\/de\/produkte-dienstleistungen\/","og_locale":"de_DE","og_type":"article","og_title":"Produkte &amp; Dienstleistungen - Eve Emergency Vehicles GmbH","og_description":"Krankenwagen & Sonderfahrzeuge | EVE Emergency Vehicles GmbH Deutschland. EN1789-zertifizierte Krankenwagen, Patiententransportwagen und spezielle Einsatzfahrzeuge von EVE Emergency Vehicles GmbH. Deutsche Qualit\u00e4t, schnelle Lieferung, globaler Service.","og_url":"https:\/\/eve-vehicles.com\/de\/produkte-dienstleistungen\/","og_site_name":"Eve Emergency Vehicles GmbH","article_modified_time":"2025-10-30T10:39:18+00:00","og_image":[{"width":1600,"height":674,"url":"https:\/\/eve-vehicles.com\/wp-content\/uploads\/2025\/09\/IMG-20250918-WA0027.jpg","type":"image\/jpeg"}],"twitter_card":"summary_large_image","twitter_misc":{"Gesch\u00e4tzte Lesezeit":"1\u00a0Minute"},"schema":{"@context":"https:\/\/schema.org","@graph":[{"@type":"WebPage","@id":"https:\/\/eve-vehicles.com\/de\/produkte-dienstleistungen\/","url":"https:\/\/eve-vehicles.com\/de\/produkte-dienstleistungen\/","name":"Produkte &amp; Dienstleistungen - Eve Emergency Vehicles GmbH","isPartOf":{"@id":"http:\/\/wordpress.p698426.webspaceconfig.de\/#website"},"primaryImageOfPage":{"@id":"https:\/\/eve-vehicles.com\/de\/produkte-dienstleistungen\/#primaryimage"},"image":{"@id":"https:\/\/eve-vehicles.com\/de\/produkte-dienstleistungen\/#primaryimage"},"thumbnailUrl":"https:\/\/eve-vehicles.com\/wp-content\/uploads\/2026\/02\/EVE_ambulance_special_vehicles-scaled.jpg","datePublished":"2025-09-24T12:03:23+00:00","dateModified":"2025-10-30T10:39:18+00:00","description":"Krankenwagen & Sonderfahrzeuge | EVE Emergency Vehicles GmbH Deutschland. EN1789-zertifizierte Krankenwagen, Patiententransportwagen und spezielle Einsatzfahrzeuge von EVE Emergency Vehicles GmbH. Deutsche Qualit\u00e4t, schnelle Lieferung, globaler Service.","breadcrumb":{"@id":"https:\/\/eve-vehicles.com\/de\/produkte-dienstleistungen\/#breadcrumb"},"inLanguage":"de","potentialAction":[{"@type":"ReadAction","target":["https:\/\/eve-vehicles.com\/de\/produkte-dienstleistungen\/"]}]},{"@type":"ImageObject","inLanguage":"de","@id":"https:\/\/eve-vehicles.com\/de\/produkte-dienstleistungen\/#primaryimage","url":"https:\/\/eve-vehicles.com\/wp-content\/uploads\/2026\/02\/EVE_ambulance_special_vehicles-scaled.jpg","contentUrl":"https:\/\/eve-vehicles.com\/wp-content\/uploads\/2026\/02\/EVE_ambulance_special_vehicles-scaled.jpg","width":2560,"height":1707,"caption":"Eve_ambulance_green_ambulance"},{"@type":"BreadcrumbList","@id":"https:\/\/eve-vehicles.com\/de\/produkte-dienstleistungen\/#breadcrumb","itemListElement":[{"@type":"ListItem","position":1,"name":"Home","item":"https:\/\/eve-vehicles.com\/de\/"},{"@type":"ListItem","position":2,"name":"Produkte &amp; Dienstleistungen"}]},{"@type":"WebSite","@id":"http:\/\/wordpress.p698426.webspaceconfig.de\/#website","url":"http:\/\/wordpress.p698426.webspaceconfig.de\/","name":"Eve Emergency Vehicles GmbH","description":"Quality German Emergency Vehicles","publisher":{"@id":"http:\/\/wordpress.p698426.webspaceconfig.de\/#organization"},"potentialAction":[{"@type":"SearchAction","target":{"@type":"EntryPoint","urlTemplate":"http:\/\/wordpress.p698426.webspaceconfig.de\/?s={search_term_string}"},"query-input":{"@type":"PropertyValueSpecification","valueRequired":true,"valueName":"search_term_string"}}],"inLanguage":"de"},{"@type":"Organization","@id":"http:\/\/wordpress.p698426.webspaceconfig.de\/#organization","name":"Eve Emergency Vehicles GmbH","url":"http:\/\/wordpress.p698426.webspaceconfig.de\/","logo":{"@type":"ImageObject","inLanguage":"de","@id":"http:\/\/wordpress.p698426.webspaceconfig.de\/#\/schema\/logo\/image\/","url":"https:\/\/eve-vehicles.com\/wp-content\/uploads\/2025\/09\/cropped-3a2e7200-fdb0-41bb-bcbe-108e3b9e3c5b_removalai_preview.png","contentUrl":"https:\/\/eve-vehicles.com\/wp-content\/uploads\/2025\/09\/cropped-3a2e7200-fdb0-41bb-bcbe-108e3b9e3c5b_removalai_preview.png","width":250,"height":250,"caption":"Eve Emergency Vehicles GmbH"},"image":{"@id":"http:\/\/wordpress.p698426.webspaceconfig.de\/#\/schema\/logo\/image\/"}}]}},"_links":{"self":[{"href":"https:\/\/eve-vehicles.com\/de\/wp-json\/wp\/v2\/pages\/84","targetHints":{"allow":["GET"]}}],"collection":[{"href":"https:\/\/eve-vehicles.com\/de\/wp-json\/wp\/v2\/pages"}],"about":[{"href":"https:\/\/eve-vehicles.com\/de\/wp-json\/wp\/v2\/types\/page"}],"author":[{"embeddable":true,"href":"https:\/\/eve-vehicles.com\/de\/wp-json\/wp\/v2\/users\/2"}],"replies":[{"embeddable":true,"href":"https:\/\/eve-vehicles.com\/de\/wp-json\/wp\/v2\/comments?post=84"}],"version-history":[{"count":3,"href":"https:\/\/eve-vehicles.com\/de\/wp-json\/wp\/v2\/pages\/84\/revisions"}],"predecessor-version":[{"id":154,"href":"https:\/\/eve-vehicles.com\/de\/wp-json\/wp\/v2\/pages\/84\/revisions\/154"}],"wp:featuredmedia":[{"embeddable":true,"href":"https:\/\/eve-vehicles.com\/de\/wp-json\/wp\/v2\/media\/224"}],"wp:attachment":[{"href":"https:\/\/eve-vehicles.com\/de\/wp-json\/wp\/v2\/media?parent=84"}],"curies":[{"name":"wp","href":"https:\/\/api.w.org\/{rel}","templated":true}]}}