{"id":78,"date":"2025-09-24T14:03:56","date_gmt":"2025-09-24T12:03:56","guid":{"rendered":"https:\/\/eve-vehicles.com\/export\/"},"modified":"2025-10-07T07:47:56","modified_gmt":"2025-10-07T05:47:56","slug":"export","status":"publish","type":"page","link":"https:\/\/eve-vehicles.com\/de\/export\/","title":{"rendered":"Export"},"content":{"rendered":"\n<p>Unser Team verf\u00fcgt \u00fcber langj\u00e4hrige Erfahrung im Export von Sonderfahrzeugen und Medizintechnik. <\/p>\n\n\n\n<p>Wir wissen, wie man die besonderen technischen Anforderungen von Hei\u00dfl\u00e4ndern erf\u00fcllt und sind kompetent im interkulturellen Umgang mit Kunden. <\/p>\n\n\n\n<p>Mit unseren Gesch\u00e4ftspartnern decken wir alle logistischen Anforderungen ab von der Projektfinanzierung \u00fcber die Exportabwicklung bis zum Aufbau eines Ersatzteil- und Servicewesens.<\/p>\n","protected":false},"excerpt":{"rendered":"<p>Unser Team verf\u00fcgt \u00fcber langj\u00e4hrige Erfahrung im Export von Sonderfahrzeugen und Medizintechnik. Wir wissen, wie man die besonderen technischen Anforderungen von Hei\u00dfl\u00e4ndern erf\u00fcllt und sind kompetent im interkulturellen Umgang mit Kunden. Mit unseren Gesch\u00e4ftspartnern decken wir alle logistischen Anforderungen ab von der Projektfinanzierung \u00fcber die Exportabwicklung bis zum Aufbau eines Ersatzteil- und Servicewesens.<\/p>\n","protected":false},"author":2,"featured_media":228,"parent":0,"menu_order":0,"comment_status":"closed","ping_status":"closed","template":"","meta":{"footnotes":""},"class_list":["post-78","page","type-page","status-publish","has-post-thumbnail","hentry"],"yoast_head":"<!-- This site is optimized with the Yoast SEO plugin v27.4 - https:\/\/yoast.com\/product\/yoast-seo-wordpress\/ -->\n<title>Export - Eve Emergency Vehicles GmbH<\/title>\n<meta name=\"description\" content=\"Export von Krankenwagen &amp; Einsatzfahrzeugen | EVE Emergency Vehicles GmbH. Globaler Export von Krankenwagen, Einsatzfahrzeugen und medizinischer Ausr\u00fcstung. EVE bietet weltweit Logistik-, Finanzierungs- und Servicenetzwerkunterst\u00fctzung.\" \/>\n<meta name=\"robots\" content=\"index, follow, max-snippet:-1, max-image-preview:large, max-video-preview:-1\" \/>\n<link rel=\"canonical\" href=\"https:\/\/eve-vehicles.com\/de\/export\/\" \/>\n<meta property=\"og:locale\" content=\"de_DE\" \/>\n<meta property=\"og:type\" content=\"article\" \/>\n<meta property=\"og:title\" content=\"Export - Eve Emergency Vehicles GmbH\" \/>\n<meta property=\"og:description\" content=\"Export von Krankenwagen &amp; Einsatzfahrzeugen | EVE Emergency Vehicles GmbH. Globaler Export von Krankenwagen, Einsatzfahrzeugen und medizinischer Ausr\u00fcstung. EVE bietet weltweit Logistik-, Finanzierungs- und Servicenetzwerkunterst\u00fctzung.\" \/>\n<meta property=\"og:url\" content=\"https:\/\/eve-vehicles.com\/de\/export\/\" \/>\n<meta property=\"og:site_name\" content=\"Eve Emergency Vehicles GmbH\" \/>\n<meta property=\"article:modified_time\" content=\"2025-10-07T05:47:56+00:00\" \/>\n<meta property=\"og:image\" content=\"https:\/\/eve-vehicles.com\/wp-content\/uploads\/2025\/09\/IMG-20250918-WA0030.jpg\" \/>\n\t<meta property=\"og:image:width\" content=\"1592\" \/>\n\t<meta property=\"og:image:height\" content=\"1160\" \/>\n\t<meta property=\"og:image:type\" content=\"image\/jpeg\" \/>\n<meta name=\"twitter:card\" content=\"summary_large_image\" \/>\n<meta name=\"twitter:label1\" content=\"Gesch\u00e4tzte Lesezeit\" \/>\n\t<meta name=\"twitter:data1\" content=\"1\u00a0Minute\" \/>\n<script type=\"application\/ld+json\" class=\"yoast-schema-graph\">{\"@context\":\"https:\\\/\\\/schema.org\",\"@graph\":[{\"@type\":\"WebPage\",\"@id\":\"https:\\\/\\\/eve-vehicles.com\\\/de\\\/export\\\/\",\"url\":\"https:\\\/\\\/eve-vehicles.com\\\/de\\\/export\\\/\",\"name\":\"Export - Eve Emergency Vehicles GmbH\",\"isPartOf\":{\"@id\":\"http:\\\/\\\/wordpress.p698426.webspaceconfig.de\\\/#website\"},\"primaryImageOfPage\":{\"@id\":\"https:\\\/\\\/eve-vehicles.com\\\/de\\\/export\\\/#primaryimage\"},\"image\":{\"@id\":\"https:\\\/\\\/eve-vehicles.com\\\/de\\\/export\\\/#primaryimage\"},\"thumbnailUrl\":\"https:\\\/\\\/eve-vehicles.com\\\/wp-content\\\/uploads\\\/2026\\\/02\\\/20210316_162442-scaled.jpg\",\"datePublished\":\"2025-09-24T12:03:56+00:00\",\"dateModified\":\"2025-10-07T05:47:56+00:00\",\"description\":\"Export von Krankenwagen & Einsatzfahrzeugen | EVE Emergency Vehicles GmbH. Globaler Export von Krankenwagen, Einsatzfahrzeugen und medizinischer Ausr\u00fcstung. EVE bietet weltweit Logistik-, Finanzierungs- und Servicenetzwerkunterst\u00fctzung.\",\"breadcrumb\":{\"@id\":\"https:\\\/\\\/eve-vehicles.com\\\/de\\\/export\\\/#breadcrumb\"},\"inLanguage\":\"de\",\"potentialAction\":[{\"@type\":\"ReadAction\",\"target\":[\"https:\\\/\\\/eve-vehicles.com\\\/de\\\/export\\\/\"]}]},{\"@type\":\"ImageObject\",\"inLanguage\":\"de\",\"@id\":\"https:\\\/\\\/eve-vehicles.com\\\/de\\\/export\\\/#primaryimage\",\"url\":\"https:\\\/\\\/eve-vehicles.com\\\/wp-content\\\/uploads\\\/2026\\\/02\\\/20210316_162442-scaled.jpg\",\"contentUrl\":\"https:\\\/\\\/eve-vehicles.com\\\/wp-content\\\/uploads\\\/2026\\\/02\\\/20210316_162442-scaled.jpg\",\"width\":1920,\"height\":2560,\"caption\":\"Eve White Ambulance with blue badge\"},{\"@type\":\"BreadcrumbList\",\"@id\":\"https:\\\/\\\/eve-vehicles.com\\\/de\\\/export\\\/#breadcrumb\",\"itemListElement\":[{\"@type\":\"ListItem\",\"position\":1,\"name\":\"Home\",\"item\":\"https:\\\/\\\/eve-vehicles.com\\\/de\\\/\"},{\"@type\":\"ListItem\",\"position\":2,\"name\":\"Export\"}]},{\"@type\":\"WebSite\",\"@id\":\"http:\\\/\\\/wordpress.p698426.webspaceconfig.de\\\/#website\",\"url\":\"http:\\\/\\\/wordpress.p698426.webspaceconfig.de\\\/\",\"name\":\"Eve Emergency Vehicles GmbH\",\"description\":\"Quality German Emergency Vehicles\",\"publisher\":{\"@id\":\"http:\\\/\\\/wordpress.p698426.webspaceconfig.de\\\/#organization\"},\"potentialAction\":[{\"@type\":\"SearchAction\",\"target\":{\"@type\":\"EntryPoint\",\"urlTemplate\":\"http:\\\/\\\/wordpress.p698426.webspaceconfig.de\\\/?s={search_term_string}\"},\"query-input\":{\"@type\":\"PropertyValueSpecification\",\"valueRequired\":true,\"valueName\":\"search_term_string\"}}],\"inLanguage\":\"de\"},{\"@type\":\"Organization\",\"@id\":\"http:\\\/\\\/wordpress.p698426.webspaceconfig.de\\\/#organization\",\"name\":\"Eve Emergency Vehicles GmbH\",\"url\":\"http:\\\/\\\/wordpress.p698426.webspaceconfig.de\\\/\",\"logo\":{\"@type\":\"ImageObject\",\"inLanguage\":\"de\",\"@id\":\"http:\\\/\\\/wordpress.p698426.webspaceconfig.de\\\/#\\\/schema\\\/logo\\\/image\\\/\",\"url\":\"https:\\\/\\\/eve-vehicles.com\\\/wp-content\\\/uploads\\\/2025\\\/09\\\/cropped-3a2e7200-fdb0-41bb-bcbe-108e3b9e3c5b_removalai_preview.png\",\"contentUrl\":\"https:\\\/\\\/eve-vehicles.com\\\/wp-content\\\/uploads\\\/2025\\\/09\\\/cropped-3a2e7200-fdb0-41bb-bcbe-108e3b9e3c5b_removalai_preview.png\",\"width\":250,\"height\":250,\"caption\":\"Eve Emergency Vehicles GmbH\"},\"image\":{\"@id\":\"http:\\\/\\\/wordpress.p698426.webspaceconfig.de\\\/#\\\/schema\\\/logo\\\/image\\\/\"}}]}<\/script>\n<!-- \/ Yoast SEO plugin. -->","yoast_head_json":{"title":"Export - Eve Emergency Vehicles GmbH","description":"Export von Krankenwagen & Einsatzfahrzeugen | EVE Emergency Vehicles GmbH. Globaler Export von Krankenwagen, Einsatzfahrzeugen und medizinischer Ausr\u00fcstung. EVE bietet weltweit Logistik-, Finanzierungs- und Servicenetzwerkunterst\u00fctzung.","robots":{"index":"index","follow":"follow","max-snippet":"max-snippet:-1","max-image-preview":"max-image-preview:large","max-video-preview":"max-video-preview:-1"},"canonical":"https:\/\/eve-vehicles.com\/de\/export\/","og_locale":"de_DE","og_type":"article","og_title":"Export - Eve Emergency Vehicles GmbH","og_description":"Export von Krankenwagen & Einsatzfahrzeugen | EVE Emergency Vehicles GmbH. Globaler Export von Krankenwagen, Einsatzfahrzeugen und medizinischer Ausr\u00fcstung. EVE bietet weltweit Logistik-, Finanzierungs- und Servicenetzwerkunterst\u00fctzung.","og_url":"https:\/\/eve-vehicles.com\/de\/export\/","og_site_name":"Eve Emergency Vehicles GmbH","article_modified_time":"2025-10-07T05:47:56+00:00","og_image":[{"width":1592,"height":1160,"url":"https:\/\/eve-vehicles.com\/wp-content\/uploads\/2025\/09\/IMG-20250918-WA0030.jpg","type":"image\/jpeg"}],"twitter_card":"summary_large_image","twitter_misc":{"Gesch\u00e4tzte Lesezeit":"1\u00a0Minute"},"schema":{"@context":"https:\/\/schema.org","@graph":[{"@type":"WebPage","@id":"https:\/\/eve-vehicles.com\/de\/export\/","url":"https:\/\/eve-vehicles.com\/de\/export\/","name":"Export - Eve Emergency Vehicles GmbH","isPartOf":{"@id":"http:\/\/wordpress.p698426.webspaceconfig.de\/#website"},"primaryImageOfPage":{"@id":"https:\/\/eve-vehicles.com\/de\/export\/#primaryimage"},"image":{"@id":"https:\/\/eve-vehicles.com\/de\/export\/#primaryimage"},"thumbnailUrl":"https:\/\/eve-vehicles.com\/wp-content\/uploads\/2026\/02\/20210316_162442-scaled.jpg","datePublished":"2025-09-24T12:03:56+00:00","dateModified":"2025-10-07T05:47:56+00:00","description":"Export von Krankenwagen & Einsatzfahrzeugen | EVE Emergency Vehicles GmbH. Globaler Export von Krankenwagen, Einsatzfahrzeugen und medizinischer Ausr\u00fcstung. EVE bietet weltweit Logistik-, Finanzierungs- und Servicenetzwerkunterst\u00fctzung.","breadcrumb":{"@id":"https:\/\/eve-vehicles.com\/de\/export\/#breadcrumb"},"inLanguage":"de","potentialAction":[{"@type":"ReadAction","target":["https:\/\/eve-vehicles.com\/de\/export\/"]}]},{"@type":"ImageObject","inLanguage":"de","@id":"https:\/\/eve-vehicles.com\/de\/export\/#primaryimage","url":"https:\/\/eve-vehicles.com\/wp-content\/uploads\/2026\/02\/20210316_162442-scaled.jpg","contentUrl":"https:\/\/eve-vehicles.com\/wp-content\/uploads\/2026\/02\/20210316_162442-scaled.jpg","width":1920,"height":2560,"caption":"Eve White Ambulance with blue badge"},{"@type":"BreadcrumbList","@id":"https:\/\/eve-vehicles.com\/de\/export\/#breadcrumb","itemListElement":[{"@type":"ListItem","position":1,"name":"Home","item":"https:\/\/eve-vehicles.com\/de\/"},{"@type":"ListItem","position":2,"name":"Export"}]},{"@type":"WebSite","@id":"http:\/\/wordpress.p698426.webspaceconfig.de\/#website","url":"http:\/\/wordpress.p698426.webspaceconfig.de\/","name":"Eve Emergency Vehicles GmbH","description":"Quality German Emergency Vehicles","publisher":{"@id":"http:\/\/wordpress.p698426.webspaceconfig.de\/#organization"},"potentialAction":[{"@type":"SearchAction","target":{"@type":"EntryPoint","urlTemplate":"http:\/\/wordpress.p698426.webspaceconfig.de\/?s={search_term_string}"},"query-input":{"@type":"PropertyValueSpecification","valueRequired":true,"valueName":"search_term_string"}}],"inLanguage":"de"},{"@type":"Organization","@id":"http:\/\/wordpress.p698426.webspaceconfig.de\/#organization","name":"Eve Emergency Vehicles GmbH","url":"http:\/\/wordpress.p698426.webspaceconfig.de\/","logo":{"@type":"ImageObject","inLanguage":"de","@id":"http:\/\/wordpress.p698426.webspaceconfig.de\/#\/schema\/logo\/image\/","url":"https:\/\/eve-vehicles.com\/wp-content\/uploads\/2025\/09\/cropped-3a2e7200-fdb0-41bb-bcbe-108e3b9e3c5b_removalai_preview.png","contentUrl":"https:\/\/eve-vehicles.com\/wp-content\/uploads\/2025\/09\/cropped-3a2e7200-fdb0-41bb-bcbe-108e3b9e3c5b_removalai_preview.png","width":250,"height":250,"caption":"Eve Emergency Vehicles GmbH"},"image":{"@id":"http:\/\/wordpress.p698426.webspaceconfig.de\/#\/schema\/logo\/image\/"}}]}},"_links":{"self":[{"href":"https:\/\/eve-vehicles.com\/de\/wp-json\/wp\/v2\/pages\/78","targetHints":{"allow":["GET"]}}],"collection":[{"href":"https:\/\/eve-vehicles.com\/de\/wp-json\/wp\/v2\/pages"}],"about":[{"href":"https:\/\/eve-vehicles.com\/de\/wp-json\/wp\/v2\/types\/page"}],"author":[{"embeddable":true,"href":"https:\/\/eve-vehicles.com\/de\/wp-json\/wp\/v2\/users\/2"}],"replies":[{"embeddable":true,"href":"https:\/\/eve-vehicles.com\/de\/wp-json\/wp\/v2\/comments?post=78"}],"version-history":[{"count":3,"href":"https:\/\/eve-vehicles.com\/de\/wp-json\/wp\/v2\/pages\/78\/revisions"}],"predecessor-version":[{"id":110,"href":"https:\/\/eve-vehicles.com\/de\/wp-json\/wp\/v2\/pages\/78\/revisions\/110"}],"wp:featuredmedia":[{"embeddable":true,"href":"https:\/\/eve-vehicles.com\/de\/wp-json\/wp\/v2\/media\/228"}],"wp:attachment":[{"href":"https:\/\/eve-vehicles.com\/de\/wp-json\/wp\/v2\/media?parent=78"}],"curies":[{"name":"wp","href":"https:\/\/api.w.org\/{rel}","templated":true}]}}