{"id":75,"date":"2025-09-24T14:01:51","date_gmt":"2025-09-24T12:01:51","guid":{"rendered":"https:\/\/eve-vehicles.com\/startseite\/"},"modified":"2025-10-08T21:10:45","modified_gmt":"2025-10-08T19:10:45","slug":"startseite","status":"publish","type":"page","link":"https:\/\/eve-vehicles.com\/de\/","title":{"rendered":"Startseite"},"content":{"rendered":"\n<p>Willkommen bei EVE Emergency Vehicles GmbH<\/p>\n\n\n\n<p>An unserem Firmensitz in Wietmarschen f\u00fchren wir die langj\u00e4hrige, erfolgreiche Tradition des Fahrzeugbaus an diesem Standort fort. <\/p>\n\n\n\n<p>Unser erfahrenes Team von Ingenieuren und Technikern freut sich auf Ihre Anfragen. Wir begleiten Sie professionell von der Beratung \u00fcber den Bau Ihres Fahrzeugs bis zur \u00dcbergabe und auch danach. Sie sind uns auch mit &#8222;kleinen Auftr\u00e4gen\u201c willkommen, die wir qualifiziert und mit kurzen Lieferzeiten ausf\u00fchren. <\/p>\n\n\n\n<p>Bitte sprechen Sie uns an &#8211; wir freuen uns auf Sie!<br><br><\/p>\n","protected":false},"excerpt":{"rendered":"<p>Willkommen bei EVE Emergency Vehicles GmbH An unserem Firmensitz in Wietmarschen f\u00fchren wir die langj\u00e4hrige, erfolgreiche Tradition des Fahrzeugbaus an diesem Standort fort. Unser erfahrenes Team von Ingenieuren und Technikern freut sich auf Ihre Anfragen. Wir begleiten Sie professionell von der Beratung \u00fcber den Bau Ihres Fahrzeugs bis zur \u00dcbergabe und auch danach. Sie sind &hellip; <\/p>\n<p class=\"link-more\"><a href=\"https:\/\/eve-vehicles.com\/de\/\" class=\"more-link\"><span class=\"screen-reader-text\">\u201eStartseite\u201c<\/span> weiterlesen<\/a><\/p>\n","protected":false},"author":2,"featured_media":0,"parent":0,"menu_order":0,"comment_status":"closed","ping_status":"closed","template":"","meta":{"footnotes":""},"class_list":["post-75","page","type-page","status-publish","hentry"],"yoast_head":"<!-- This site is optimized with the Yoast SEO plugin v27.4 - https:\/\/yoast.com\/product\/yoast-seo-wordpress\/ -->\n<title>Startseite - Eve Emergency Vehicles GmbH<\/title>\n<meta name=\"description\" content=\"Deutsche Ingenieurskunst im Ambulanz- und Einsatzfahrzeugbau. EVE Emergency Vehicles GmbH liefert EN1789-zertifizierte Fahrzeuge mit schnellen Lieferzeiten.\" \/>\n<meta name=\"robots\" content=\"index, follow, max-snippet:-1, max-image-preview:large, max-video-preview:-1\" \/>\n<link rel=\"canonical\" href=\"https:\/\/eve-vehicles.com\/de\/\" \/>\n<meta property=\"og:locale\" content=\"de_DE\" \/>\n<meta property=\"og:type\" content=\"article\" \/>\n<meta property=\"og:title\" content=\"Startseite - Eve Emergency Vehicles GmbH\" \/>\n<meta property=\"og:description\" content=\"Deutsche Ingenieurskunst im Ambulanz- und Einsatzfahrzeugbau. EVE Emergency Vehicles GmbH liefert EN1789-zertifizierte Fahrzeuge mit schnellen Lieferzeiten.\" \/>\n<meta property=\"og:url\" content=\"https:\/\/eve-vehicles.com\/de\/\" \/>\n<meta property=\"og:site_name\" content=\"Eve Emergency Vehicles GmbH\" \/>\n<meta property=\"article:modified_time\" content=\"2025-10-08T19:10:45+00:00\" \/>\n<meta name=\"twitter:card\" content=\"summary_large_image\" \/>\n<meta name=\"twitter:label1\" content=\"Gesch\u00e4tzte Lesezeit\" \/>\n\t<meta name=\"twitter:data1\" content=\"1\u00a0Minute\" \/>\n<script type=\"application\/ld+json\" class=\"yoast-schema-graph\">{\"@context\":\"https:\\\/\\\/schema.org\",\"@graph\":[{\"@type\":\"WebPage\",\"@id\":\"https:\\\/\\\/eve-vehicles.com\\\/de\\\/\",\"url\":\"https:\\\/\\\/eve-vehicles.com\\\/de\\\/\",\"name\":\"Startseite - Eve Emergency Vehicles GmbH\",\"isPartOf\":{\"@id\":\"http:\\\/\\\/wordpress.p698426.webspaceconfig.de\\\/#website\"},\"datePublished\":\"2025-09-24T12:01:51+00:00\",\"dateModified\":\"2025-10-08T19:10:45+00:00\",\"description\":\"Deutsche Ingenieurskunst im Ambulanz- und Einsatzfahrzeugbau. EVE Emergency Vehicles GmbH liefert EN1789-zertifizierte Fahrzeuge mit schnellen Lieferzeiten.\",\"breadcrumb\":{\"@id\":\"https:\\\/\\\/eve-vehicles.com\\\/de\\\/#breadcrumb\"},\"inLanguage\":\"de\",\"potentialAction\":[{\"@type\":\"ReadAction\",\"target\":[\"https:\\\/\\\/eve-vehicles.com\\\/de\\\/\"]}]},{\"@type\":\"BreadcrumbList\",\"@id\":\"https:\\\/\\\/eve-vehicles.com\\\/de\\\/#breadcrumb\",\"itemListElement\":[{\"@type\":\"ListItem\",\"position\":1,\"name\":\"Home\",\"item\":\"https:\\\/\\\/eve-vehicles.com\\\/de\\\/\"},{\"@type\":\"ListItem\",\"position\":2,\"name\":\"Startseite\"}]},{\"@type\":\"WebSite\",\"@id\":\"http:\\\/\\\/wordpress.p698426.webspaceconfig.de\\\/#website\",\"url\":\"http:\\\/\\\/wordpress.p698426.webspaceconfig.de\\\/\",\"name\":\"Eve Emergency Vehicles GmbH\",\"description\":\"Quality German Emergency Vehicles\",\"publisher\":{\"@id\":\"http:\\\/\\\/wordpress.p698426.webspaceconfig.de\\\/#organization\"},\"potentialAction\":[{\"@type\":\"SearchAction\",\"target\":{\"@type\":\"EntryPoint\",\"urlTemplate\":\"http:\\\/\\\/wordpress.p698426.webspaceconfig.de\\\/?s={search_term_string}\"},\"query-input\":{\"@type\":\"PropertyValueSpecification\",\"valueRequired\":true,\"valueName\":\"search_term_string\"}}],\"inLanguage\":\"de\"},{\"@type\":\"Organization\",\"@id\":\"http:\\\/\\\/wordpress.p698426.webspaceconfig.de\\\/#organization\",\"name\":\"Eve Emergency Vehicles GmbH\",\"url\":\"http:\\\/\\\/wordpress.p698426.webspaceconfig.de\\\/\",\"logo\":{\"@type\":\"ImageObject\",\"inLanguage\":\"de\",\"@id\":\"http:\\\/\\\/wordpress.p698426.webspaceconfig.de\\\/#\\\/schema\\\/logo\\\/image\\\/\",\"url\":\"https:\\\/\\\/eve-vehicles.com\\\/wp-content\\\/uploads\\\/2025\\\/09\\\/cropped-3a2e7200-fdb0-41bb-bcbe-108e3b9e3c5b_removalai_preview.png\",\"contentUrl\":\"https:\\\/\\\/eve-vehicles.com\\\/wp-content\\\/uploads\\\/2025\\\/09\\\/cropped-3a2e7200-fdb0-41bb-bcbe-108e3b9e3c5b_removalai_preview.png\",\"width\":250,\"height\":250,\"caption\":\"Eve Emergency Vehicles GmbH\"},\"image\":{\"@id\":\"http:\\\/\\\/wordpress.p698426.webspaceconfig.de\\\/#\\\/schema\\\/logo\\\/image\\\/\"}}]}<\/script>\n<!-- \/ Yoast SEO plugin. -->","yoast_head_json":{"title":"Startseite - Eve Emergency Vehicles GmbH","description":"Deutsche Ingenieurskunst im Ambulanz- und Einsatzfahrzeugbau. EVE Emergency Vehicles GmbH liefert EN1789-zertifizierte Fahrzeuge mit schnellen Lieferzeiten.","robots":{"index":"index","follow":"follow","max-snippet":"max-snippet:-1","max-image-preview":"max-image-preview:large","max-video-preview":"max-video-preview:-1"},"canonical":"https:\/\/eve-vehicles.com\/de\/","og_locale":"de_DE","og_type":"article","og_title":"Startseite - Eve Emergency Vehicles GmbH","og_description":"Deutsche Ingenieurskunst im Ambulanz- und Einsatzfahrzeugbau. EVE Emergency Vehicles GmbH liefert EN1789-zertifizierte Fahrzeuge mit schnellen Lieferzeiten.","og_url":"https:\/\/eve-vehicles.com\/de\/","og_site_name":"Eve Emergency Vehicles GmbH","article_modified_time":"2025-10-08T19:10:45+00:00","twitter_card":"summary_large_image","twitter_misc":{"Gesch\u00e4tzte Lesezeit":"1\u00a0Minute"},"schema":{"@context":"https:\/\/schema.org","@graph":[{"@type":"WebPage","@id":"https:\/\/eve-vehicles.com\/de\/","url":"https:\/\/eve-vehicles.com\/de\/","name":"Startseite - Eve Emergency Vehicles GmbH","isPartOf":{"@id":"http:\/\/wordpress.p698426.webspaceconfig.de\/#website"},"datePublished":"2025-09-24T12:01:51+00:00","dateModified":"2025-10-08T19:10:45+00:00","description":"Deutsche Ingenieurskunst im Ambulanz- und Einsatzfahrzeugbau. EVE Emergency Vehicles GmbH liefert EN1789-zertifizierte Fahrzeuge mit schnellen Lieferzeiten.","breadcrumb":{"@id":"https:\/\/eve-vehicles.com\/de\/#breadcrumb"},"inLanguage":"de","potentialAction":[{"@type":"ReadAction","target":["https:\/\/eve-vehicles.com\/de\/"]}]},{"@type":"BreadcrumbList","@id":"https:\/\/eve-vehicles.com\/de\/#breadcrumb","itemListElement":[{"@type":"ListItem","position":1,"name":"Home","item":"https:\/\/eve-vehicles.com\/de\/"},{"@type":"ListItem","position":2,"name":"Startseite"}]},{"@type":"WebSite","@id":"http:\/\/wordpress.p698426.webspaceconfig.de\/#website","url":"http:\/\/wordpress.p698426.webspaceconfig.de\/","name":"Eve Emergency Vehicles GmbH","description":"Quality German Emergency Vehicles","publisher":{"@id":"http:\/\/wordpress.p698426.webspaceconfig.de\/#organization"},"potentialAction":[{"@type":"SearchAction","target":{"@type":"EntryPoint","urlTemplate":"http:\/\/wordpress.p698426.webspaceconfig.de\/?s={search_term_string}"},"query-input":{"@type":"PropertyValueSpecification","valueRequired":true,"valueName":"search_term_string"}}],"inLanguage":"de"},{"@type":"Organization","@id":"http:\/\/wordpress.p698426.webspaceconfig.de\/#organization","name":"Eve Emergency Vehicles GmbH","url":"http:\/\/wordpress.p698426.webspaceconfig.de\/","logo":{"@type":"ImageObject","inLanguage":"de","@id":"http:\/\/wordpress.p698426.webspaceconfig.de\/#\/schema\/logo\/image\/","url":"https:\/\/eve-vehicles.com\/wp-content\/uploads\/2025\/09\/cropped-3a2e7200-fdb0-41bb-bcbe-108e3b9e3c5b_removalai_preview.png","contentUrl":"https:\/\/eve-vehicles.com\/wp-content\/uploads\/2025\/09\/cropped-3a2e7200-fdb0-41bb-bcbe-108e3b9e3c5b_removalai_preview.png","width":250,"height":250,"caption":"Eve Emergency Vehicles GmbH"},"image":{"@id":"http:\/\/wordpress.p698426.webspaceconfig.de\/#\/schema\/logo\/image\/"}}]}},"_links":{"self":[{"href":"https:\/\/eve-vehicles.com\/de\/wp-json\/wp\/v2\/pages\/75","targetHints":{"allow":["GET"]}}],"collection":[{"href":"https:\/\/eve-vehicles.com\/de\/wp-json\/wp\/v2\/pages"}],"about":[{"href":"https:\/\/eve-vehicles.com\/de\/wp-json\/wp\/v2\/types\/page"}],"author":[{"embeddable":true,"href":"https:\/\/eve-vehicles.com\/de\/wp-json\/wp\/v2\/users\/2"}],"replies":[{"embeddable":true,"href":"https:\/\/eve-vehicles.com\/de\/wp-json\/wp\/v2\/comments?post=75"}],"version-history":[{"count":4,"href":"https:\/\/eve-vehicles.com\/de\/wp-json\/wp\/v2\/pages\/75\/revisions"}],"predecessor-version":[{"id":109,"href":"https:\/\/eve-vehicles.com\/de\/wp-json\/wp\/v2\/pages\/75\/revisions\/109"}],"wp:attachment":[{"href":"https:\/\/eve-vehicles.com\/de\/wp-json\/wp\/v2\/media?parent=75"}],"curies":[{"name":"wp","href":"https:\/\/api.w.org\/{rel}","templated":true}]}}