{"id":211,"date":"2026-02-23T18:11:42","date_gmt":"2026-02-23T17:11:42","guid":{"rendered":"https:\/\/eve-vehicles.com\/kooperation-gruau-eve\/"},"modified":"2026-02-24T19:30:43","modified_gmt":"2026-02-24T18:30:43","slug":"kooperation-gruau-eve","status":"publish","type":"page","link":"https:\/\/eve-vehicles.com\/de\/kooperation-gruau-eve\/","title":{"rendered":"Kooperation Gruau &#8211; EVE"},"content":{"rendered":"\n<p><strong>Die Unternehmensgruppe Gruau und EVE GmbH geben stolz ihre Partnerschaft bekannt.<\/strong><\/p>\n\n\n\n<p>Die franz\u00f6sische Gruau-Gruppe und EVE GmbH haben einen langfristigen Kooperationsvertrag abgeschlossen. Unsere Unternehmen werden eng zusammenarbeiten zur optimalen Bedienung unserer M\u00e4rkte. Groupe Gruau stellt EVE GmbH ihr Know-how und ihre umfangreichen Produktionskapazit\u00e4ten f\u00fcr deren Projekte in Deutschland, im Nahen Osten und in weiteren internationalen Projekten zur Verf\u00fcgung. <\/p>\n\n\n\n<figure class=\"wp-block-image size-large\"><img loading=\"lazy\" decoding=\"async\" width=\"1024\" height=\"552\" src=\"https:\/\/eve-vehicles.com\/wp-content\/uploads\/2026\/02\/EVE-Gruau_Partnership_announcement-1024x552.png\" alt=\"\" class=\"wp-image-208\" srcset=\"https:\/\/eve-vehicles.com\/wp-content\/uploads\/2026\/02\/EVE-Gruau_Partnership_announcement-1024x552.png 1024w, https:\/\/eve-vehicles.com\/wp-content\/uploads\/2026\/02\/EVE-Gruau_Partnership_announcement-300x162.png 300w, https:\/\/eve-vehicles.com\/wp-content\/uploads\/2026\/02\/EVE-Gruau_Partnership_announcement-768x414.png 768w, https:\/\/eve-vehicles.com\/wp-content\/uploads\/2026\/02\/EVE-Gruau_Partnership_announcement-1536x828.png 1536w, https:\/\/eve-vehicles.com\/wp-content\/uploads\/2026\/02\/EVE-Gruau_Partnership_announcement.png 1920w\" sizes=\"auto, (max-width: 767px) 89vw, (max-width: 1000px) 54vw, (max-width: 1071px) 543px, 580px\" \/><\/figure>\n\n\n\n<p>Bitte klicken Sie hier, um das <strong><a href=\"https:\/\/eve-vehicles.com\/wp-content\/uploads\/2026\/02\/GruauEVEpartnershipannouncementss-1.pdf\" target=\"_blank\" rel=\"noreferrer noopener nofollow\">Partnerschaftsabkommen Gruau \/ EVE<\/a><\/strong> zu sehen.<\/p>\n\n\n\n<p><\/p>\n","protected":false},"excerpt":{"rendered":"<p>Die Unternehmensgruppe Gruau und EVE GmbH geben stolz ihre Partnerschaft bekannt. Die franz\u00f6sische Gruau-Gruppe und EVE GmbH haben einen langfristigen Kooperationsvertrag abgeschlossen. Unsere Unternehmen werden eng zusammenarbeiten zur optimalen Bedienung unserer M\u00e4rkte. Groupe Gruau stellt EVE GmbH ihr Know-how und ihre umfangreichen Produktionskapazit\u00e4ten f\u00fcr deren Projekte in Deutschland, im Nahen Osten und in weiteren internationalen &hellip; <\/p>\n<p class=\"link-more\"><a href=\"https:\/\/eve-vehicles.com\/de\/kooperation-gruau-eve\/\" class=\"more-link\"><span class=\"screen-reader-text\">\u201eKooperation Gruau &#8211; EVE\u201c<\/span> weiterlesen<\/a><\/p>\n","protected":false},"author":2,"featured_media":0,"parent":0,"menu_order":0,"comment_status":"closed","ping_status":"closed","template":"","meta":{"footnotes":""},"class_list":["post-211","page","type-page","status-publish","hentry"],"yoast_head":"<!-- This site is optimized with the Yoast SEO plugin v27.4 - https:\/\/yoast.com\/product\/yoast-seo-wordpress\/ -->\n<title>Kooperation Gruau - EVE - Eve Emergency Vehicles GmbH<\/title>\n<meta name=\"robots\" content=\"index, follow, max-snippet:-1, max-image-preview:large, max-video-preview:-1\" \/>\n<link rel=\"canonical\" href=\"https:\/\/eve-vehicles.com\/de\/kooperation-gruau-eve\/\" \/>\n<meta property=\"og:locale\" content=\"de_DE\" \/>\n<meta property=\"og:type\" content=\"article\" \/>\n<meta property=\"og:title\" content=\"Kooperation Gruau - EVE - Eve Emergency Vehicles GmbH\" \/>\n<meta property=\"og:description\" content=\"Die Unternehmensgruppe Gruau und EVE GmbH geben stolz ihre Partnerschaft bekannt. Die franz\u00f6sische Gruau-Gruppe und EVE GmbH haben einen langfristigen Kooperationsvertrag abgeschlossen. Unsere Unternehmen werden eng zusammenarbeiten zur optimalen Bedienung unserer M\u00e4rkte. Groupe Gruau stellt EVE GmbH ihr Know-how und ihre umfangreichen Produktionskapazit\u00e4ten f\u00fcr deren Projekte in Deutschland, im Nahen Osten und in weiteren internationalen &hellip; \u201eKooperation Gruau &#8211; EVE\u201c weiterlesen\" \/>\n<meta property=\"og:url\" content=\"https:\/\/eve-vehicles.com\/de\/kooperation-gruau-eve\/\" \/>\n<meta property=\"og:site_name\" content=\"Eve Emergency Vehicles GmbH\" \/>\n<meta property=\"article:modified_time\" content=\"2026-02-24T18:30:43+00:00\" \/>\n<meta property=\"og:image\" content=\"https:\/\/eve-vehicles.com\/wp-content\/uploads\/2026\/02\/EVE-Gruau_Partnership_announcement-1024x552.png\" \/>\n\t<meta property=\"og:image:width\" content=\"1024\" \/>\n\t<meta property=\"og:image:height\" content=\"552\" \/>\n\t<meta property=\"og:image:type\" content=\"image\/png\" \/>\n<meta name=\"twitter:card\" content=\"summary_large_image\" \/>\n<meta name=\"twitter:label1\" content=\"Gesch\u00e4tzte Lesezeit\" \/>\n\t<meta name=\"twitter:data1\" content=\"1\u00a0Minute\" \/>\n<script type=\"application\/ld+json\" class=\"yoast-schema-graph\">{\"@context\":\"https:\\\/\\\/schema.org\",\"@graph\":[{\"@type\":\"WebPage\",\"@id\":\"https:\\\/\\\/eve-vehicles.com\\\/de\\\/kooperation-gruau-eve\\\/\",\"url\":\"https:\\\/\\\/eve-vehicles.com\\\/de\\\/kooperation-gruau-eve\\\/\",\"name\":\"Kooperation Gruau - EVE - Eve Emergency Vehicles GmbH\",\"isPartOf\":{\"@id\":\"http:\\\/\\\/wordpress.p698426.webspaceconfig.de\\\/#website\"},\"primaryImageOfPage\":{\"@id\":\"https:\\\/\\\/eve-vehicles.com\\\/de\\\/kooperation-gruau-eve\\\/#primaryimage\"},\"image\":{\"@id\":\"https:\\\/\\\/eve-vehicles.com\\\/de\\\/kooperation-gruau-eve\\\/#primaryimage\"},\"thumbnailUrl\":\"https:\\\/\\\/eve-vehicles.com\\\/wp-content\\\/uploads\\\/2026\\\/02\\\/EVE-Gruau_Partnership_announcement-1024x552.png\",\"datePublished\":\"2026-02-23T17:11:42+00:00\",\"dateModified\":\"2026-02-24T18:30:43+00:00\",\"breadcrumb\":{\"@id\":\"https:\\\/\\\/eve-vehicles.com\\\/de\\\/kooperation-gruau-eve\\\/#breadcrumb\"},\"inLanguage\":\"de\",\"potentialAction\":[{\"@type\":\"ReadAction\",\"target\":[\"https:\\\/\\\/eve-vehicles.com\\\/de\\\/kooperation-gruau-eve\\\/\"]}]},{\"@type\":\"ImageObject\",\"inLanguage\":\"de\",\"@id\":\"https:\\\/\\\/eve-vehicles.com\\\/de\\\/kooperation-gruau-eve\\\/#primaryimage\",\"url\":\"https:\\\/\\\/eve-vehicles.com\\\/wp-content\\\/uploads\\\/2026\\\/02\\\/EVE-Gruau_Partnership_announcement-1024x552.png\",\"contentUrl\":\"https:\\\/\\\/eve-vehicles.com\\\/wp-content\\\/uploads\\\/2026\\\/02\\\/EVE-Gruau_Partnership_announcement-1024x552.png\"},{\"@type\":\"BreadcrumbList\",\"@id\":\"https:\\\/\\\/eve-vehicles.com\\\/de\\\/kooperation-gruau-eve\\\/#breadcrumb\",\"itemListElement\":[{\"@type\":\"ListItem\",\"position\":1,\"name\":\"Home\",\"item\":\"https:\\\/\\\/eve-vehicles.com\\\/de\\\/\"},{\"@type\":\"ListItem\",\"position\":2,\"name\":\"Kooperation Gruau &#8211; EVE\"}]},{\"@type\":\"WebSite\",\"@id\":\"http:\\\/\\\/wordpress.p698426.webspaceconfig.de\\\/#website\",\"url\":\"http:\\\/\\\/wordpress.p698426.webspaceconfig.de\\\/\",\"name\":\"Eve Emergency Vehicles GmbH\",\"description\":\"Quality German Emergency Vehicles\",\"publisher\":{\"@id\":\"http:\\\/\\\/wordpress.p698426.webspaceconfig.de\\\/#organization\"},\"potentialAction\":[{\"@type\":\"SearchAction\",\"target\":{\"@type\":\"EntryPoint\",\"urlTemplate\":\"http:\\\/\\\/wordpress.p698426.webspaceconfig.de\\\/?s={search_term_string}\"},\"query-input\":{\"@type\":\"PropertyValueSpecification\",\"valueRequired\":true,\"valueName\":\"search_term_string\"}}],\"inLanguage\":\"de\"},{\"@type\":\"Organization\",\"@id\":\"http:\\\/\\\/wordpress.p698426.webspaceconfig.de\\\/#organization\",\"name\":\"Eve Emergency Vehicles GmbH\",\"url\":\"http:\\\/\\\/wordpress.p698426.webspaceconfig.de\\\/\",\"logo\":{\"@type\":\"ImageObject\",\"inLanguage\":\"de\",\"@id\":\"http:\\\/\\\/wordpress.p698426.webspaceconfig.de\\\/#\\\/schema\\\/logo\\\/image\\\/\",\"url\":\"https:\\\/\\\/eve-vehicles.com\\\/wp-content\\\/uploads\\\/2025\\\/09\\\/cropped-3a2e7200-fdb0-41bb-bcbe-108e3b9e3c5b_removalai_preview.png\",\"contentUrl\":\"https:\\\/\\\/eve-vehicles.com\\\/wp-content\\\/uploads\\\/2025\\\/09\\\/cropped-3a2e7200-fdb0-41bb-bcbe-108e3b9e3c5b_removalai_preview.png\",\"width\":250,\"height\":250,\"caption\":\"Eve Emergency Vehicles GmbH\"},\"image\":{\"@id\":\"http:\\\/\\\/wordpress.p698426.webspaceconfig.de\\\/#\\\/schema\\\/logo\\\/image\\\/\"}}]}<\/script>\n<!-- \/ Yoast SEO plugin. -->","yoast_head_json":{"title":"Kooperation Gruau - EVE - Eve Emergency Vehicles GmbH","robots":{"index":"index","follow":"follow","max-snippet":"max-snippet:-1","max-image-preview":"max-image-preview:large","max-video-preview":"max-video-preview:-1"},"canonical":"https:\/\/eve-vehicles.com\/de\/kooperation-gruau-eve\/","og_locale":"de_DE","og_type":"article","og_title":"Kooperation Gruau - EVE - Eve Emergency Vehicles GmbH","og_description":"Die Unternehmensgruppe Gruau und EVE GmbH geben stolz ihre Partnerschaft bekannt. Die franz\u00f6sische Gruau-Gruppe und EVE GmbH haben einen langfristigen Kooperationsvertrag abgeschlossen. Unsere Unternehmen werden eng zusammenarbeiten zur optimalen Bedienung unserer M\u00e4rkte. Groupe Gruau stellt EVE GmbH ihr Know-how und ihre umfangreichen Produktionskapazit\u00e4ten f\u00fcr deren Projekte in Deutschland, im Nahen Osten und in weiteren internationalen &hellip; \u201eKooperation Gruau &#8211; EVE\u201c weiterlesen","og_url":"https:\/\/eve-vehicles.com\/de\/kooperation-gruau-eve\/","og_site_name":"Eve Emergency Vehicles GmbH","article_modified_time":"2026-02-24T18:30:43+00:00","og_image":[{"width":1024,"height":552,"url":"https:\/\/eve-vehicles.com\/wp-content\/uploads\/2026\/02\/EVE-Gruau_Partnership_announcement-1024x552.png","type":"image\/png"}],"twitter_card":"summary_large_image","twitter_misc":{"Gesch\u00e4tzte Lesezeit":"1\u00a0Minute"},"schema":{"@context":"https:\/\/schema.org","@graph":[{"@type":"WebPage","@id":"https:\/\/eve-vehicles.com\/de\/kooperation-gruau-eve\/","url":"https:\/\/eve-vehicles.com\/de\/kooperation-gruau-eve\/","name":"Kooperation Gruau - EVE - Eve Emergency Vehicles GmbH","isPartOf":{"@id":"http:\/\/wordpress.p698426.webspaceconfig.de\/#website"},"primaryImageOfPage":{"@id":"https:\/\/eve-vehicles.com\/de\/kooperation-gruau-eve\/#primaryimage"},"image":{"@id":"https:\/\/eve-vehicles.com\/de\/kooperation-gruau-eve\/#primaryimage"},"thumbnailUrl":"https:\/\/eve-vehicles.com\/wp-content\/uploads\/2026\/02\/EVE-Gruau_Partnership_announcement-1024x552.png","datePublished":"2026-02-23T17:11:42+00:00","dateModified":"2026-02-24T18:30:43+00:00","breadcrumb":{"@id":"https:\/\/eve-vehicles.com\/de\/kooperation-gruau-eve\/#breadcrumb"},"inLanguage":"de","potentialAction":[{"@type":"ReadAction","target":["https:\/\/eve-vehicles.com\/de\/kooperation-gruau-eve\/"]}]},{"@type":"ImageObject","inLanguage":"de","@id":"https:\/\/eve-vehicles.com\/de\/kooperation-gruau-eve\/#primaryimage","url":"https:\/\/eve-vehicles.com\/wp-content\/uploads\/2026\/02\/EVE-Gruau_Partnership_announcement-1024x552.png","contentUrl":"https:\/\/eve-vehicles.com\/wp-content\/uploads\/2026\/02\/EVE-Gruau_Partnership_announcement-1024x552.png"},{"@type":"BreadcrumbList","@id":"https:\/\/eve-vehicles.com\/de\/kooperation-gruau-eve\/#breadcrumb","itemListElement":[{"@type":"ListItem","position":1,"name":"Home","item":"https:\/\/eve-vehicles.com\/de\/"},{"@type":"ListItem","position":2,"name":"Kooperation Gruau &#8211; EVE"}]},{"@type":"WebSite","@id":"http:\/\/wordpress.p698426.webspaceconfig.de\/#website","url":"http:\/\/wordpress.p698426.webspaceconfig.de\/","name":"Eve Emergency Vehicles GmbH","description":"Quality German Emergency Vehicles","publisher":{"@id":"http:\/\/wordpress.p698426.webspaceconfig.de\/#organization"},"potentialAction":[{"@type":"SearchAction","target":{"@type":"EntryPoint","urlTemplate":"http:\/\/wordpress.p698426.webspaceconfig.de\/?s={search_term_string}"},"query-input":{"@type":"PropertyValueSpecification","valueRequired":true,"valueName":"search_term_string"}}],"inLanguage":"de"},{"@type":"Organization","@id":"http:\/\/wordpress.p698426.webspaceconfig.de\/#organization","name":"Eve Emergency Vehicles GmbH","url":"http:\/\/wordpress.p698426.webspaceconfig.de\/","logo":{"@type":"ImageObject","inLanguage":"de","@id":"http:\/\/wordpress.p698426.webspaceconfig.de\/#\/schema\/logo\/image\/","url":"https:\/\/eve-vehicles.com\/wp-content\/uploads\/2025\/09\/cropped-3a2e7200-fdb0-41bb-bcbe-108e3b9e3c5b_removalai_preview.png","contentUrl":"https:\/\/eve-vehicles.com\/wp-content\/uploads\/2025\/09\/cropped-3a2e7200-fdb0-41bb-bcbe-108e3b9e3c5b_removalai_preview.png","width":250,"height":250,"caption":"Eve Emergency Vehicles GmbH"},"image":{"@id":"http:\/\/wordpress.p698426.webspaceconfig.de\/#\/schema\/logo\/image\/"}}]}},"_links":{"self":[{"href":"https:\/\/eve-vehicles.com\/de\/wp-json\/wp\/v2\/pages\/211","targetHints":{"allow":["GET"]}}],"collection":[{"href":"https:\/\/eve-vehicles.com\/de\/wp-json\/wp\/v2\/pages"}],"about":[{"href":"https:\/\/eve-vehicles.com\/de\/wp-json\/wp\/v2\/types\/page"}],"author":[{"embeddable":true,"href":"https:\/\/eve-vehicles.com\/de\/wp-json\/wp\/v2\/users\/2"}],"replies":[{"embeddable":true,"href":"https:\/\/eve-vehicles.com\/de\/wp-json\/wp\/v2\/comments?post=211"}],"version-history":[{"count":2,"href":"https:\/\/eve-vehicles.com\/de\/wp-json\/wp\/v2\/pages\/211\/revisions"}],"predecessor-version":[{"id":237,"href":"https:\/\/eve-vehicles.com\/de\/wp-json\/wp\/v2\/pages\/211\/revisions\/237"}],"wp:attachment":[{"href":"https:\/\/eve-vehicles.com\/de\/wp-json\/wp\/v2\/media?parent=211"}],"curies":[{"name":"wp","href":"https:\/\/api.w.org\/{rel}","templated":true}]}}