{"id":124,"date":"2025-10-07T07:34:36","date_gmt":"2025-10-07T05:34:36","guid":{"rendered":"https:\/\/eve-vehicles.com\/links-2\/"},"modified":"2026-02-23T18:02:47","modified_gmt":"2026-02-23T17:02:47","slug":"links-2","status":"publish","type":"page","link":"https:\/\/eve-vehicles.com\/de\/links-2\/","title":{"rendered":"Links"},"content":{"rendered":"\n<p><strong>Groupe Gruau<\/strong><br>F\u00fchrender europ\u00e4ischer Hersteller von Ambulanzen und Sonderfahrzeugen<br><a href=\"http:\/\/www.groupegruau.com\" target=\"_blank\" rel=\"noreferrer noopener\">www.groupegruau.com<\/a><\/p>\n\n\n\n<p><strong>QOIS GmbH<\/strong><br>Deutsche Projektmanager<br><a href=\"http:\/\/www.qois.de\" target=\"_blank\" rel=\"noreferrer noopener\">www.qois.de<\/a><\/p>\n\n\n\n<p><strong>Lighthouse Ink<\/strong><br>Deutsch-Afrikanisches marketingmanagement | Webentwicklung<br><a href=\"http:\/\/lighthouseink.co.za\" target=\"_blank\" rel=\"noreferrer noopener\">http:\/\/lighthouseink.co.za<\/a><\/p>\n\n\n\n<p><strong>E-lions H2 B.V.<\/strong><br>Spezialisten f\u00fcr wasserstoffbetriebene Nutzfahrzeuge<br><a href=\"http:\/\/www.e-lions-h2.com\" target=\"_blank\" rel=\"noreferrer noopener\">www.e-lions-h2.com<\/a><\/p>\n\n\n\n<p><strong>exficon GmbH<\/strong><br>Berater f\u00fcr Exportfinanzierung &amp; Tender Agency Desk<br><a href=\"http:\/\/www.exficon.de\" target=\"_blank\" rel=\"noreferrer noopener\">www.exficon.de<\/a> <\/p>\n\n\n\n<p><strong>CSNETWORKS GmbH<\/strong><br>IT-Spezialisten auf h\u00f6chstem Niveau<br><a href=\"http:\/\/www.csnetworks.de\" target=\"_blank\" rel=\"noreferrer noopener\">www.csnetworks.de<\/a><br><\/p>\n","protected":false},"excerpt":{"rendered":"<p>Groupe GruauF\u00fchrender europ\u00e4ischer Hersteller von Ambulanzen und Sonderfahrzeugenwww.groupegruau.com QOIS GmbHDeutsche Projektmanagerwww.qois.de Lighthouse InkDeutsch-Afrikanisches marketingmanagement | Webentwicklunghttp:\/\/lighthouseink.co.za E-lions H2 B.V.Spezialisten f\u00fcr wasserstoffbetriebene Nutzfahrzeugewww.e-lions-h2.com exficon GmbHBerater f\u00fcr Exportfinanzierung &amp; Tender Agency Deskwww.exficon.de CSNETWORKS GmbHIT-Spezialisten auf h\u00f6chstem Niveauwww.csnetworks.de<\/p>\n","protected":false},"author":2,"featured_media":230,"parent":0,"menu_order":0,"comment_status":"closed","ping_status":"closed","template":"","meta":{"footnotes":""},"class_list":["post-124","page","type-page","status-publish","has-post-thumbnail","hentry"],"yoast_head":"<!-- This site is optimized with the Yoast SEO plugin v27.4 - https:\/\/yoast.com\/product\/yoast-seo-wordpress\/ -->\n<title>Links - Eve Emergency Vehicles GmbH<\/title>\n<meta name=\"robots\" content=\"index, follow, max-snippet:-1, max-image-preview:large, max-video-preview:-1\" \/>\n<link rel=\"canonical\" href=\"https:\/\/eve-vehicles.com\/de\/links-2\/\" \/>\n<meta property=\"og:locale\" content=\"de_DE\" \/>\n<meta property=\"og:type\" content=\"article\" \/>\n<meta property=\"og:title\" content=\"Links - Eve Emergency Vehicles GmbH\" \/>\n<meta property=\"og:description\" content=\"Groupe GruauF\u00fchrender europ\u00e4ischer Hersteller von Ambulanzen und Sonderfahrzeugenwww.groupegruau.com QOIS GmbHDeutsche Projektmanagerwww.qois.de Lighthouse InkDeutsch-Afrikanisches marketingmanagement | Webentwicklunghttp:\/\/lighthouseink.co.za E-lions H2 B.V.Spezialisten f\u00fcr wasserstoffbetriebene Nutzfahrzeugewww.e-lions-h2.com exficon GmbHBerater f\u00fcr Exportfinanzierung &amp; Tender Agency Deskwww.exficon.de CSNETWORKS GmbHIT-Spezialisten auf h\u00f6chstem Niveauwww.csnetworks.de\" \/>\n<meta property=\"og:url\" content=\"https:\/\/eve-vehicles.com\/de\/links-2\/\" \/>\n<meta property=\"og:site_name\" content=\"Eve Emergency Vehicles GmbH\" \/>\n<meta property=\"article:modified_time\" content=\"2026-02-23T17:02:47+00:00\" \/>\n<meta property=\"og:image\" content=\"https:\/\/eve-vehicles.com\/wp-content\/uploads\/2025\/09\/IMG-20250918-WA0028.jpg\" \/>\n\t<meta property=\"og:image:width\" content=\"1360\" \/>\n\t<meta property=\"og:image:height\" content=\"1160\" \/>\n\t<meta property=\"og:image:type\" content=\"image\/jpeg\" \/>\n<meta name=\"twitter:card\" content=\"summary_large_image\" \/>\n<meta name=\"twitter:label1\" content=\"Gesch\u00e4tzte Lesezeit\" \/>\n\t<meta name=\"twitter:data1\" content=\"1\u00a0Minute\" \/>\n<script type=\"application\/ld+json\" class=\"yoast-schema-graph\">{\"@context\":\"https:\\\/\\\/schema.org\",\"@graph\":[{\"@type\":\"WebPage\",\"@id\":\"https:\\\/\\\/eve-vehicles.com\\\/de\\\/links-2\\\/\",\"url\":\"https:\\\/\\\/eve-vehicles.com\\\/de\\\/links-2\\\/\",\"name\":\"Links - Eve Emergency Vehicles GmbH\",\"isPartOf\":{\"@id\":\"http:\\\/\\\/wordpress.p698426.webspaceconfig.de\\\/#website\"},\"primaryImageOfPage\":{\"@id\":\"https:\\\/\\\/eve-vehicles.com\\\/de\\\/links-2\\\/#primaryimage\"},\"image\":{\"@id\":\"https:\\\/\\\/eve-vehicles.com\\\/de\\\/links-2\\\/#primaryimage\"},\"thumbnailUrl\":\"https:\\\/\\\/eve-vehicles.com\\\/wp-content\\\/uploads\\\/2026\\\/02\\\/IMG_6993-scaled.jpeg\",\"datePublished\":\"2025-10-07T05:34:36+00:00\",\"dateModified\":\"2026-02-23T17:02:47+00:00\",\"breadcrumb\":{\"@id\":\"https:\\\/\\\/eve-vehicles.com\\\/de\\\/links-2\\\/#breadcrumb\"},\"inLanguage\":\"de\",\"potentialAction\":[{\"@type\":\"ReadAction\",\"target\":[\"https:\\\/\\\/eve-vehicles.com\\\/de\\\/links-2\\\/\"]}]},{\"@type\":\"ImageObject\",\"inLanguage\":\"de\",\"@id\":\"https:\\\/\\\/eve-vehicles.com\\\/de\\\/links-2\\\/#primaryimage\",\"url\":\"https:\\\/\\\/eve-vehicles.com\\\/wp-content\\\/uploads\\\/2026\\\/02\\\/IMG_6993-scaled.jpeg\",\"contentUrl\":\"https:\\\/\\\/eve-vehicles.com\\\/wp-content\\\/uploads\\\/2026\\\/02\\\/IMG_6993-scaled.jpeg\",\"width\":1920,\"height\":2560,\"caption\":\"Inside Ambulance kitted out ambulance supplies\"},{\"@type\":\"BreadcrumbList\",\"@id\":\"https:\\\/\\\/eve-vehicles.com\\\/de\\\/links-2\\\/#breadcrumb\",\"itemListElement\":[{\"@type\":\"ListItem\",\"position\":1,\"name\":\"Home\",\"item\":\"https:\\\/\\\/eve-vehicles.com\\\/de\\\/\"},{\"@type\":\"ListItem\",\"position\":2,\"name\":\"Links\"}]},{\"@type\":\"WebSite\",\"@id\":\"http:\\\/\\\/wordpress.p698426.webspaceconfig.de\\\/#website\",\"url\":\"http:\\\/\\\/wordpress.p698426.webspaceconfig.de\\\/\",\"name\":\"Eve Emergency Vehicles GmbH\",\"description\":\"Quality German Emergency Vehicles\",\"publisher\":{\"@id\":\"http:\\\/\\\/wordpress.p698426.webspaceconfig.de\\\/#organization\"},\"potentialAction\":[{\"@type\":\"SearchAction\",\"target\":{\"@type\":\"EntryPoint\",\"urlTemplate\":\"http:\\\/\\\/wordpress.p698426.webspaceconfig.de\\\/?s={search_term_string}\"},\"query-input\":{\"@type\":\"PropertyValueSpecification\",\"valueRequired\":true,\"valueName\":\"search_term_string\"}}],\"inLanguage\":\"de\"},{\"@type\":\"Organization\",\"@id\":\"http:\\\/\\\/wordpress.p698426.webspaceconfig.de\\\/#organization\",\"name\":\"Eve Emergency Vehicles GmbH\",\"url\":\"http:\\\/\\\/wordpress.p698426.webspaceconfig.de\\\/\",\"logo\":{\"@type\":\"ImageObject\",\"inLanguage\":\"de\",\"@id\":\"http:\\\/\\\/wordpress.p698426.webspaceconfig.de\\\/#\\\/schema\\\/logo\\\/image\\\/\",\"url\":\"https:\\\/\\\/eve-vehicles.com\\\/wp-content\\\/uploads\\\/2025\\\/09\\\/cropped-3a2e7200-fdb0-41bb-bcbe-108e3b9e3c5b_removalai_preview.png\",\"contentUrl\":\"https:\\\/\\\/eve-vehicles.com\\\/wp-content\\\/uploads\\\/2025\\\/09\\\/cropped-3a2e7200-fdb0-41bb-bcbe-108e3b9e3c5b_removalai_preview.png\",\"width\":250,\"height\":250,\"caption\":\"Eve Emergency Vehicles GmbH\"},\"image\":{\"@id\":\"http:\\\/\\\/wordpress.p698426.webspaceconfig.de\\\/#\\\/schema\\\/logo\\\/image\\\/\"}}]}<\/script>\n<!-- \/ Yoast SEO plugin. -->","yoast_head_json":{"title":"Links - Eve Emergency Vehicles GmbH","robots":{"index":"index","follow":"follow","max-snippet":"max-snippet:-1","max-image-preview":"max-image-preview:large","max-video-preview":"max-video-preview:-1"},"canonical":"https:\/\/eve-vehicles.com\/de\/links-2\/","og_locale":"de_DE","og_type":"article","og_title":"Links - Eve Emergency Vehicles GmbH","og_description":"Groupe GruauF\u00fchrender europ\u00e4ischer Hersteller von Ambulanzen und Sonderfahrzeugenwww.groupegruau.com QOIS GmbHDeutsche Projektmanagerwww.qois.de Lighthouse InkDeutsch-Afrikanisches marketingmanagement | Webentwicklunghttp:\/\/lighthouseink.co.za E-lions H2 B.V.Spezialisten f\u00fcr wasserstoffbetriebene Nutzfahrzeugewww.e-lions-h2.com exficon GmbHBerater f\u00fcr Exportfinanzierung &amp; Tender Agency Deskwww.exficon.de CSNETWORKS GmbHIT-Spezialisten auf h\u00f6chstem Niveauwww.csnetworks.de","og_url":"https:\/\/eve-vehicles.com\/de\/links-2\/","og_site_name":"Eve Emergency Vehicles GmbH","article_modified_time":"2026-02-23T17:02:47+00:00","og_image":[{"width":1360,"height":1160,"url":"https:\/\/eve-vehicles.com\/wp-content\/uploads\/2025\/09\/IMG-20250918-WA0028.jpg","type":"image\/jpeg"}],"twitter_card":"summary_large_image","twitter_misc":{"Gesch\u00e4tzte Lesezeit":"1\u00a0Minute"},"schema":{"@context":"https:\/\/schema.org","@graph":[{"@type":"WebPage","@id":"https:\/\/eve-vehicles.com\/de\/links-2\/","url":"https:\/\/eve-vehicles.com\/de\/links-2\/","name":"Links - Eve Emergency Vehicles GmbH","isPartOf":{"@id":"http:\/\/wordpress.p698426.webspaceconfig.de\/#website"},"primaryImageOfPage":{"@id":"https:\/\/eve-vehicles.com\/de\/links-2\/#primaryimage"},"image":{"@id":"https:\/\/eve-vehicles.com\/de\/links-2\/#primaryimage"},"thumbnailUrl":"https:\/\/eve-vehicles.com\/wp-content\/uploads\/2026\/02\/IMG_6993-scaled.jpeg","datePublished":"2025-10-07T05:34:36+00:00","dateModified":"2026-02-23T17:02:47+00:00","breadcrumb":{"@id":"https:\/\/eve-vehicles.com\/de\/links-2\/#breadcrumb"},"inLanguage":"de","potentialAction":[{"@type":"ReadAction","target":["https:\/\/eve-vehicles.com\/de\/links-2\/"]}]},{"@type":"ImageObject","inLanguage":"de","@id":"https:\/\/eve-vehicles.com\/de\/links-2\/#primaryimage","url":"https:\/\/eve-vehicles.com\/wp-content\/uploads\/2026\/02\/IMG_6993-scaled.jpeg","contentUrl":"https:\/\/eve-vehicles.com\/wp-content\/uploads\/2026\/02\/IMG_6993-scaled.jpeg","width":1920,"height":2560,"caption":"Inside Ambulance kitted out ambulance supplies"},{"@type":"BreadcrumbList","@id":"https:\/\/eve-vehicles.com\/de\/links-2\/#breadcrumb","itemListElement":[{"@type":"ListItem","position":1,"name":"Home","item":"https:\/\/eve-vehicles.com\/de\/"},{"@type":"ListItem","position":2,"name":"Links"}]},{"@type":"WebSite","@id":"http:\/\/wordpress.p698426.webspaceconfig.de\/#website","url":"http:\/\/wordpress.p698426.webspaceconfig.de\/","name":"Eve Emergency Vehicles GmbH","description":"Quality German Emergency Vehicles","publisher":{"@id":"http:\/\/wordpress.p698426.webspaceconfig.de\/#organization"},"potentialAction":[{"@type":"SearchAction","target":{"@type":"EntryPoint","urlTemplate":"http:\/\/wordpress.p698426.webspaceconfig.de\/?s={search_term_string}"},"query-input":{"@type":"PropertyValueSpecification","valueRequired":true,"valueName":"search_term_string"}}],"inLanguage":"de"},{"@type":"Organization","@id":"http:\/\/wordpress.p698426.webspaceconfig.de\/#organization","name":"Eve Emergency Vehicles GmbH","url":"http:\/\/wordpress.p698426.webspaceconfig.de\/","logo":{"@type":"ImageObject","inLanguage":"de","@id":"http:\/\/wordpress.p698426.webspaceconfig.de\/#\/schema\/logo\/image\/","url":"https:\/\/eve-vehicles.com\/wp-content\/uploads\/2025\/09\/cropped-3a2e7200-fdb0-41bb-bcbe-108e3b9e3c5b_removalai_preview.png","contentUrl":"https:\/\/eve-vehicles.com\/wp-content\/uploads\/2025\/09\/cropped-3a2e7200-fdb0-41bb-bcbe-108e3b9e3c5b_removalai_preview.png","width":250,"height":250,"caption":"Eve Emergency Vehicles GmbH"},"image":{"@id":"http:\/\/wordpress.p698426.webspaceconfig.de\/#\/schema\/logo\/image\/"}}]}},"_links":{"self":[{"href":"https:\/\/eve-vehicles.com\/de\/wp-json\/wp\/v2\/pages\/124","targetHints":{"allow":["GET"]}}],"collection":[{"href":"https:\/\/eve-vehicles.com\/de\/wp-json\/wp\/v2\/pages"}],"about":[{"href":"https:\/\/eve-vehicles.com\/de\/wp-json\/wp\/v2\/types\/page"}],"author":[{"embeddable":true,"href":"https:\/\/eve-vehicles.com\/de\/wp-json\/wp\/v2\/users\/2"}],"replies":[{"embeddable":true,"href":"https:\/\/eve-vehicles.com\/de\/wp-json\/wp\/v2\/comments?post=124"}],"version-history":[{"count":5,"href":"https:\/\/eve-vehicles.com\/de\/wp-json\/wp\/v2\/pages\/124\/revisions"}],"predecessor-version":[{"id":202,"href":"https:\/\/eve-vehicles.com\/de\/wp-json\/wp\/v2\/pages\/124\/revisions\/202"}],"wp:featuredmedia":[{"embeddable":true,"href":"https:\/\/eve-vehicles.com\/de\/wp-json\/wp\/v2\/media\/230"}],"wp:attachment":[{"href":"https:\/\/eve-vehicles.com\/de\/wp-json\/wp\/v2\/media?parent=124"}],"curies":[{"name":"wp","href":"https:\/\/api.w.org\/{rel}","templated":true}]}}